{"id":1184,"date":"2016-09-05T19:26:14","date_gmt":"2016-09-05T19:26:14","guid":{"rendered":"http:\/\/demos.famethemes.com\/screenr\/?page_id=8"},"modified":"2024-02-17T11:04:58","modified_gmt":"2024-02-17T11:04:58","slug":"about","status":"publish","type":"page","link":"https:\/\/markalbrecht.de\/?page_id=1184","title":{"rendered":"\u00dcber Mark"},"content":{"rendered":"\n<h3 class=\"wp-block-heading\"><strong>Mark Albrecht<\/strong><b><br>freiberuflicher Fernseh- &amp; Videojournalist<\/b><\/h3>\n\n\n\n<figure class=\"wp-block-image\"><img fetchpriority=\"high\" decoding=\"async\" width=\"300\" height=\"187\" src=\"https:\/\/markalbrecht.de\/wp-content\/uploads\/2024\/02\/jungreporter-300x187.jpg\" alt=\"\" class=\"wp-image-1278\" srcset=\"https:\/\/markalbrecht.de\/wp-content\/uploads\/2024\/02\/jungreporter-300x187.jpg 300w, https:\/\/markalbrecht.de\/wp-content\/uploads\/2024\/02\/jungreporter.jpg 640w\" sizes=\"(max-width: 300px) 100vw, 300px\" \/><\/figure>\n\n\n\n<p><\/p>\n\n\n\n<p class=\"has-black-color has-text-color has-link-color wp-elements-f9ddf97c0c49068700c655d4fbe94e39\">Seit 1991 bin ich nun schon f\u00fcr die \u00f6ffentlich-rechtlichen Fernseh-Nachrichten unterwegs:<\/p>\n\n\n\n<p class=\"has-black-color has-text-color has-link-color wp-elements-0f69c609f88c211bbd8040afceef7e17\">BRANDENBURG AKTUELL &#8211; rbb Aktuell \u2013 ARD-Aktuell<\/p>\n\n\n\n<p class=\"has-black-color has-text-color has-link-color wp-elements-92de412ce801c74fc6df9e5b82d5b404\">Seit 1997 drehe ich als Fernsehautor meine Bilder auch selber \u2013 als Videojournalist (VJ)<\/p>\n\n\n\n<p class=\"has-black-color has-text-color has-link-color wp-elements-1822956f5df5cf100bfb73ca44dec5d5\">Aufgewachsen im brandenburgischen Eberswalde (DDR), gelernt zun\u00e4chst Schreibmaschinenmechaniker, dann in der Berliner Charit\u00e9 Krankenpfleger.<\/p>\n\n\n\n<p class=\"has-black-color has-text-color has-link-color wp-elements-161da747b890165ebeeb5907b2a1169a\">1989 Mitwirkung beim Aufbau der DDR-B\u00fcrgerrechtsbewegung NEUES FORUM<br>1990\/91 Gesch\u00e4ftsf\u00fchrer des NEUEN FORUM im Prenzlauer Berg.<\/p>\n\n\n\n<p class=\"has-black-color has-text-color has-link-color wp-elements-30b700f9b7b5b669520eb8d63e088923\">1991 Mitarbeit und erste Schritte als Fernsehreporter im ARD-Studio Ostberlin, dann zum Volontariat zum Ostdeutschen Rundfunk Brandenburg (ORB).<br>(Vorl\u00e4ufer des Rundfunk Berlin Brandenburg &#8211; RBB aus ORB und SFB)<\/p>\n\n\n\n<p class=\"has-black-color has-text-color has-link-color wp-elements-087ed453cff776814eff48cbb122da42\">Thematisch k\u00fcmmere ich mich seit mehr als 30 Jahren vor allem um die Themen Polizei und Verkehr. Ich habe \u00fcber die Jahre hinweg immer wieder in Nachrichtenbeitr\u00e4gen die verschiedenen Aspekte von Unfallursachen und Unfallpr\u00e4vention beleuchtet und nahezu alle gro\u00dfen Stra\u00dfenbauprojekte im Land Brandenburg mit der Kamera begleitet. Auch um ein weiteres typisches brandenburgisches Thema k\u00fcmmere ich mich: Die Suche und Bergung von Weltkriegsbomben.<\/p>\n\n\n\n<figure class=\"wp-block-gallery has-nested-images columns-default is-cropped wp-block-gallery-1 is-layout-flex wp-block-gallery-is-layout-flex\">\n<figure class=\"wp-block-image size-large is-style-default\"><a href=\"https:\/\/markalbrecht.de\/wp-content\/uploads\/2024\/02\/union_berlin.jpg\" target=\"_blank\" rel=\"noopener\"><img decoding=\"async\" width=\"640\" height=\"427\" data-id=\"1288\" src=\"https:\/\/markalbrecht.de\/wp-content\/uploads\/2024\/02\/union_berlin.jpg\" alt=\"\" class=\"wp-image-1288\" srcset=\"https:\/\/markalbrecht.de\/wp-content\/uploads\/2024\/02\/union_berlin.jpg 640w, https:\/\/markalbrecht.de\/wp-content\/uploads\/2024\/02\/union_berlin-300x200.jpg 300w\" sizes=\"(max-width: 640px) 100vw, 640px\" \/><\/a><figcaption class=\"wp-element-caption\">Bei der Begleitung von Union-Fans zu RB Leipzig in der 2. Bundesliga<\/figcaption><\/figure>\n\n\n\n<figure class=\"wp-block-image size-large\"><a href=\"https:\/\/markalbrecht.de\/wp-content\/uploads\/2024\/02\/eroeffnung_AD_Havelland.jpg\" target=\"_blank\" rel=\"noopener\"><img decoding=\"async\" width=\"640\" height=\"434\" data-id=\"1289\" src=\"https:\/\/markalbrecht.de\/wp-content\/uploads\/2024\/02\/eroeffnung_AD_Havelland.jpg\" alt=\"\" class=\"wp-image-1289\" srcset=\"https:\/\/markalbrecht.de\/wp-content\/uploads\/2024\/02\/eroeffnung_AD_Havelland.jpg 640w, https:\/\/markalbrecht.de\/wp-content\/uploads\/2024\/02\/eroeffnung_AD_Havelland-300x203.jpg 300w\" sizes=\"(max-width: 640px) 100vw, 640px\" \/><\/a><figcaption class=\"wp-element-caption\">Bei der Er\u00f6ffnung des neuen A10 Dreiecks Havelland<\/figcaption><\/figure>\n\n\n\n<figure class=\"wp-block-image size-large\"><a href=\"https:\/\/markalbrecht.de\/wp-content\/uploads\/2024\/02\/vollsperrung_A10_ferch.jpg\" target=\"_blank\" rel=\"noopener\"><img loading=\"lazy\" decoding=\"async\" width=\"640\" height=\"427\" data-id=\"1284\" src=\"https:\/\/markalbrecht.de\/wp-content\/uploads\/2024\/02\/vollsperrung_A10_ferch.jpg\" alt=\"\" class=\"wp-image-1284\" srcset=\"https:\/\/markalbrecht.de\/wp-content\/uploads\/2024\/02\/vollsperrung_A10_ferch.jpg 640w, https:\/\/markalbrecht.de\/wp-content\/uploads\/2024\/02\/vollsperrung_A10_ferch-300x200.jpg 300w\" sizes=\"(max-width: 640px) 100vw, 640px\" \/><\/a><figcaption class=\"wp-element-caption\">Bei der Vollsperrung der A10 f\u00fcr einen Br\u00fcckeneinschub bei Ferch<\/figcaption><\/figure>\n\n\n\n<figure class=\"wp-block-image size-large\"><a href=\"https:\/\/markalbrecht.de\/wp-content\/uploads\/2024\/02\/verkehrsbeobachtungen.jpg\" target=\"_blank\" rel=\"noopener\"><img loading=\"lazy\" decoding=\"async\" width=\"640\" height=\"480\" data-id=\"1283\" src=\"https:\/\/markalbrecht.de\/wp-content\/uploads\/2024\/02\/verkehrsbeobachtungen.jpg\" alt=\"\" class=\"wp-image-1283\" srcset=\"https:\/\/markalbrecht.de\/wp-content\/uploads\/2024\/02\/verkehrsbeobachtungen.jpg 640w, https:\/\/markalbrecht.de\/wp-content\/uploads\/2024\/02\/verkehrsbeobachtungen-300x225.jpg 300w\" sizes=\"(max-width: 640px) 100vw, 640px\" \/><\/a><figcaption class=\"wp-element-caption\">Mark Albrecht &#8211; Unterwegs f\u00fcr BRANDENBURG AKTUELL<\/figcaption><\/figure>\n\n\n\n<figure class=\"wp-block-image size-large\"><a href=\"https:\/\/markalbrecht.de\/wp-content\/uploads\/2024\/02\/tim-maelzer.jpg\" target=\"_blank\" rel=\"noopener\"><img loading=\"lazy\" decoding=\"async\" width=\"640\" height=\"480\" data-id=\"1282\" src=\"https:\/\/markalbrecht.de\/wp-content\/uploads\/2024\/02\/tim-maelzer.jpg\" alt=\"\" class=\"wp-image-1282\" srcset=\"https:\/\/markalbrecht.de\/wp-content\/uploads\/2024\/02\/tim-maelzer.jpg 640w, https:\/\/markalbrecht.de\/wp-content\/uploads\/2024\/02\/tim-maelzer-300x225.jpg 300w\" sizes=\"(max-width: 640px) 100vw, 640px\" \/><\/a><figcaption class=\"wp-element-caption\">Interview mit Tim M\u00e4lzer<\/figcaption><\/figure>\n\n\n\n<figure class=\"wp-block-image size-large\"><a href=\"https:\/\/markalbrecht.de\/wp-content\/uploads\/2024\/02\/pruefung_AD_Havelland.jpg\" target=\"_blank\" rel=\"noopener\"><img loading=\"lazy\" decoding=\"async\" width=\"640\" height=\"360\" data-id=\"1280\" src=\"https:\/\/markalbrecht.de\/wp-content\/uploads\/2024\/02\/pruefung_AD_Havelland.jpg\" alt=\"\" class=\"wp-image-1280\" srcset=\"https:\/\/markalbrecht.de\/wp-content\/uploads\/2024\/02\/pruefung_AD_Havelland.jpg 640w, https:\/\/markalbrecht.de\/wp-content\/uploads\/2024\/02\/pruefung_AD_Havelland-300x169.jpg 300w\" sizes=\"(max-width: 640px) 100vw, 640px\" \/><\/a><figcaption class=\"wp-element-caption\">Bei der Griffigkeits-Pr\u00fcfung der neu gefertigten Fahrbahn am Dreieck Havelland<\/figcaption><\/figure>\n\n\n\n<figure class=\"wp-block-image size-large\"><a href=\"https:\/\/markalbrecht.de\/wp-content\/uploads\/2024\/02\/scholz_neuruppin.jpg\" target=\"_blank\" rel=\"noopener\"><img loading=\"lazy\" decoding=\"async\" width=\"640\" height=\"480\" data-id=\"1281\" src=\"https:\/\/markalbrecht.de\/wp-content\/uploads\/2024\/02\/scholz_neuruppin.jpg\" alt=\"\" class=\"wp-image-1281\" srcset=\"https:\/\/markalbrecht.de\/wp-content\/uploads\/2024\/02\/scholz_neuruppin.jpg 640w, https:\/\/markalbrecht.de\/wp-content\/uploads\/2024\/02\/scholz_neuruppin-300x225.jpg 300w\" sizes=\"(max-width: 640px) 100vw, 640px\" \/><\/a><figcaption class=\"wp-element-caption\">Bei einem Auftritt von Bundeskanzler Scholz in Neuruppin<\/figcaption><\/figure>\n\n\n\n<figure class=\"wp-block-image size-large\"><a href=\"https:\/\/markalbrecht.de\/wp-content\/uploads\/2024\/02\/muelllager_michendorf.jpg\" target=\"_blank\" rel=\"noopener\"><img loading=\"lazy\" decoding=\"async\" width=\"640\" height=\"419\" data-id=\"1279\" src=\"https:\/\/markalbrecht.de\/wp-content\/uploads\/2024\/02\/muelllager_michendorf.jpg\" alt=\"\" class=\"wp-image-1279\" srcset=\"https:\/\/markalbrecht.de\/wp-content\/uploads\/2024\/02\/muelllager_michendorf.jpg 640w, https:\/\/markalbrecht.de\/wp-content\/uploads\/2024\/02\/muelllager_michendorf-300x196.jpg 300w\" sizes=\"(max-width: 640px) 100vw, 640px\" \/><\/a><figcaption class=\"wp-element-caption\">Bei der Aufdeckung eines illegalen M\u00fclllagers bei Michendorf<\/figcaption><\/figure>\n\n\n\n<figure class=\"wp-block-image size-large\"><a href=\"https:\/\/markalbrecht.de\/wp-content\/uploads\/2024\/02\/juedischer_kantor.jpg\" target=\"_blank\" rel=\"noopener\"><img loading=\"lazy\" decoding=\"async\" width=\"481\" height=\"588\" data-id=\"1277\" src=\"https:\/\/markalbrecht.de\/wp-content\/uploads\/2024\/02\/juedischer_kantor.jpg\" alt=\"\" class=\"wp-image-1277\" srcset=\"https:\/\/markalbrecht.de\/wp-content\/uploads\/2024\/02\/juedischer_kantor.jpg 481w, https:\/\/markalbrecht.de\/wp-content\/uploads\/2024\/02\/juedischer_kantor-245x300.jpg 245w\" sizes=\"(max-width: 481px) 100vw, 481px\" \/><\/a><figcaption class=\"wp-element-caption\">Bei der Abschlusspr\u00fcfung eines j\u00fcdischen Kantors<\/figcaption><\/figure>\n\n\n\n<figure class=\"wp-block-image size-large\"><a href=\"https:\/\/markalbrecht.de\/wp-content\/uploads\/2024\/02\/jungreporter.jpg\" target=\"_blank\" rel=\"noopener\"><img loading=\"lazy\" decoding=\"async\" width=\"640\" height=\"399\" data-id=\"1278\" src=\"https:\/\/markalbrecht.de\/wp-content\/uploads\/2024\/02\/jungreporter.jpg\" alt=\"\" class=\"wp-image-1278\" srcset=\"https:\/\/markalbrecht.de\/wp-content\/uploads\/2024\/02\/jungreporter.jpg 640w, https:\/\/markalbrecht.de\/wp-content\/uploads\/2024\/02\/jungreporter-300x187.jpg 300w\" sizes=\"(max-width: 640px) 100vw, 640px\" \/><\/a><figcaption class=\"wp-element-caption\">Als Jungreporter im Land unterwegs <\/figcaption><\/figure>\n\n\n\n<figure class=\"wp-block-image size-large\"><a href=\"https:\/\/markalbrecht.de\/wp-content\/uploads\/2024\/02\/flug_ausstellungsgelaende.jpg\" target=\"_blank\" rel=\"noopener\"><img loading=\"lazy\" decoding=\"async\" width=\"640\" height=\"440\" data-id=\"1274\" src=\"https:\/\/markalbrecht.de\/wp-content\/uploads\/2024\/02\/flug_ausstellungsgelaende.jpg\" alt=\"\" class=\"wp-image-1274\" srcset=\"https:\/\/markalbrecht.de\/wp-content\/uploads\/2024\/02\/flug_ausstellungsgelaende.jpg 640w, https:\/\/markalbrecht.de\/wp-content\/uploads\/2024\/02\/flug_ausstellungsgelaende-300x206.jpg 300w\" sizes=\"(max-width: 640px) 100vw, 640px\" \/><\/a><figcaption class=\"wp-element-caption\">Beim Flug \u00fcber ein Ausstellungsgel\u00e4nde<\/figcaption><\/figure>\n\n\n\n<figure class=\"wp-block-image size-large\"><a href=\"https:\/\/markalbrecht.de\/wp-content\/uploads\/2024\/02\/goldmuenzen_uckermark.jpg\" target=\"_blank\" rel=\"noopener\"><img loading=\"lazy\" decoding=\"async\" width=\"480\" height=\"640\" data-id=\"1275\" src=\"https:\/\/markalbrecht.de\/wp-content\/uploads\/2024\/02\/goldmuenzen_uckermark.jpg\" alt=\"\" class=\"wp-image-1275\" srcset=\"https:\/\/markalbrecht.de\/wp-content\/uploads\/2024\/02\/goldmuenzen_uckermark.jpg 480w, https:\/\/markalbrecht.de\/wp-content\/uploads\/2024\/02\/goldmuenzen_uckermark-225x300.jpg 225w\" sizes=\"(max-width: 480px) 100vw, 480px\" \/><\/a><figcaption class=\"wp-element-caption\">Beim Suchen und Finden von mehr als 20 Goldm\u00fcnzen (mehr als 5000 Jahre alt) in einem Acker in der Uckermark<\/figcaption><\/figure>\n\n\n\n<figure class=\"wp-block-image size-large\"><a href=\"https:\/\/markalbrecht.de\/wp-content\/uploads\/2024\/02\/feuerwehr_zehdenick.jpg\" target=\"_blank\" rel=\"noopener\"><img loading=\"lazy\" decoding=\"async\" width=\"640\" height=\"480\" data-id=\"1273\" src=\"https:\/\/markalbrecht.de\/wp-content\/uploads\/2024\/02\/feuerwehr_zehdenick.jpg\" alt=\"\" class=\"wp-image-1273\" srcset=\"https:\/\/markalbrecht.de\/wp-content\/uploads\/2024\/02\/feuerwehr_zehdenick.jpg 640w, https:\/\/markalbrecht.de\/wp-content\/uploads\/2024\/02\/feuerwehr_zehdenick-300x225.jpg 300w\" sizes=\"(max-width: 640px) 100vw, 640px\" \/><\/a><figcaption class=\"wp-element-caption\">Bei der Ausbildung von Feuerwehrleuten bei Zehdenick<\/figcaption><\/figure>\n\n\n\n<figure class=\"wp-block-image size-large\"><a href=\"https:\/\/markalbrecht.de\/wp-content\/uploads\/2024\/02\/ferienverkehr.jpg\" target=\"_blank\" rel=\"noopener\"><img loading=\"lazy\" decoding=\"async\" width=\"640\" height=\"427\" data-id=\"1272\" src=\"https:\/\/markalbrecht.de\/wp-content\/uploads\/2024\/02\/ferienverkehr.jpg\" alt=\"\" class=\"wp-image-1272\" srcset=\"https:\/\/markalbrecht.de\/wp-content\/uploads\/2024\/02\/ferienverkehr.jpg 640w, https:\/\/markalbrecht.de\/wp-content\/uploads\/2024\/02\/ferienverkehr-300x200.jpg 300w\" sizes=\"(max-width: 640px) 100vw, 640px\" \/><\/a><figcaption class=\"wp-element-caption\">Beim Bericht \u00fcber den Ferienverkehr<\/figcaption><\/figure>\n\n\n\n<figure class=\"wp-block-image size-large\"><a href=\"https:\/\/markalbrecht.de\/wp-content\/uploads\/2024\/02\/fahrsicherheitstraining_ADAC.jpg\" target=\"_blank\" rel=\"noopener\"><img loading=\"lazy\" decoding=\"async\" width=\"640\" height=\"440\" data-id=\"1271\" src=\"https:\/\/markalbrecht.de\/wp-content\/uploads\/2024\/02\/fahrsicherheitstraining_ADAC.jpg\" alt=\"\" class=\"wp-image-1271\" srcset=\"https:\/\/markalbrecht.de\/wp-content\/uploads\/2024\/02\/fahrsicherheitstraining_ADAC.jpg 640w, https:\/\/markalbrecht.de\/wp-content\/uploads\/2024\/02\/fahrsicherheitstraining_ADAC-300x206.jpg 300w\" sizes=\"(max-width: 640px) 100vw, 640px\" \/><\/a><figcaption class=\"wp-element-caption\">Beim Fahrsicherheitstraining f\u00fcr Motorradfahrer beim ADAC in Linthe <\/figcaption><\/figure>\n\n\n\n<figure class=\"wp-block-image size-large\"><a href=\"https:\/\/markalbrecht.de\/wp-content\/uploads\/2024\/02\/drf_hubscharuber.jpg\" target=\"_blank\" rel=\"noopener\"><img loading=\"lazy\" decoding=\"async\" width=\"640\" height=\"427\" data-id=\"1269\" src=\"https:\/\/markalbrecht.de\/wp-content\/uploads\/2024\/02\/drf_hubscharuber.jpg\" alt=\"\" class=\"wp-image-1269\" srcset=\"https:\/\/markalbrecht.de\/wp-content\/uploads\/2024\/02\/drf_hubscharuber.jpg 640w, https:\/\/markalbrecht.de\/wp-content\/uploads\/2024\/02\/drf_hubscharuber-300x200.jpg 300w\" sizes=\"(max-width: 640px) 100vw, 640px\" \/><\/a><figcaption class=\"wp-element-caption\">Reportage \u00fcber den neuen Christoph 64 in der Uckermark<\/figcaption><\/figure>\n\n\n\n<figure class=\"wp-block-image size-large\"><a href=\"https:\/\/markalbrecht.de\/wp-content\/uploads\/2024\/02\/Entschaerfung_bombe.jpg\" target=\"_blank\" rel=\"noopener\"><img loading=\"lazy\" decoding=\"async\" width=\"682\" height=\"1024\" data-id=\"1322\" src=\"https:\/\/markalbrecht.de\/wp-content\/uploads\/2024\/02\/Entschaerfung_bombe-682x1024.jpg\" alt=\"\" class=\"wp-image-1322\" srcset=\"https:\/\/markalbrecht.de\/wp-content\/uploads\/2024\/02\/Entschaerfung_bombe-682x1024.jpg 682w, https:\/\/markalbrecht.de\/wp-content\/uploads\/2024\/02\/Entschaerfung_bombe-200x300.jpg 200w, https:\/\/markalbrecht.de\/wp-content\/uploads\/2024\/02\/Entschaerfung_bombe-768x1154.jpg 768w, https:\/\/markalbrecht.de\/wp-content\/uploads\/2024\/02\/Entschaerfung_bombe.jpg 992w\" sizes=\"(max-width: 682px) 100vw, 682px\" \/><\/a><figcaption class=\"wp-element-caption\">Nach Entsch\u00e4rfung einer Bombe durch Sprengmeister Schwitzke<\/figcaption><\/figure>\n\n\n\n<figure class=\"wp-block-image size-large\"><a href=\"https:\/\/markalbrecht.de\/wp-content\/uploads\/2024\/02\/busse_bahnen_bandenburg.jpg\" target=\"_blank\" rel=\"noopener\"><img loading=\"lazy\" decoding=\"async\" width=\"640\" height=\"427\" data-id=\"1268\" src=\"https:\/\/markalbrecht.de\/wp-content\/uploads\/2024\/02\/busse_bahnen_bandenburg.jpg\" alt=\"\" class=\"wp-image-1268\" srcset=\"https:\/\/markalbrecht.de\/wp-content\/uploads\/2024\/02\/busse_bahnen_bandenburg.jpg 640w, https:\/\/markalbrecht.de\/wp-content\/uploads\/2024\/02\/busse_bahnen_bandenburg-300x200.jpg 300w\" sizes=\"(max-width: 640px) 100vw, 640px\" \/><\/a><figcaption class=\"wp-element-caption\">Bei minus 22 Grad beim Vorbereiten der Busse und Bahnen f\u00fcr den Berufsverkehr nachts in Brandenburg a.d.H.<\/figcaption><\/figure>\n\n\n\n<figure class=\"wp-block-image size-large\"><a href=\"https:\/\/markalbrecht.de\/wp-content\/uploads\/2024\/02\/bundeswehr.jpg\" target=\"_blank\" rel=\"noopener\"><img loading=\"lazy\" decoding=\"async\" width=\"480\" height=\"640\" data-id=\"1267\" src=\"https:\/\/markalbrecht.de\/wp-content\/uploads\/2024\/02\/bundeswehr.jpg\" alt=\"\" class=\"wp-image-1267\" srcset=\"https:\/\/markalbrecht.de\/wp-content\/uploads\/2024\/02\/bundeswehr.jpg 480w, https:\/\/markalbrecht.de\/wp-content\/uploads\/2024\/02\/bundeswehr-225x300.jpg 225w\" sizes=\"(max-width: 480px) 100vw, 480px\" \/><\/a><figcaption class=\"wp-element-caption\">Mit der US-Army auf dem Weg nach Polen unterwegs<\/figcaption><\/figure>\n\n\n\n<figure class=\"wp-block-image size-large\"><a href=\"https:\/\/markalbrecht.de\/wp-content\/uploads\/2024\/02\/ad-oranienbung.jpg\" target=\"_blank\" rel=\"noopener\"><img loading=\"lazy\" decoding=\"async\" width=\"640\" height=\"480\" data-id=\"1265\" src=\"https:\/\/markalbrecht.de\/wp-content\/uploads\/2024\/02\/ad-oranienbung.jpg\" alt=\"\" class=\"wp-image-1265\" srcset=\"https:\/\/markalbrecht.de\/wp-content\/uploads\/2024\/02\/ad-oranienbung.jpg 640w, https:\/\/markalbrecht.de\/wp-content\/uploads\/2024\/02\/ad-oranienbung-300x225.jpg 300w\" sizes=\"(max-width: 640px) 100vw, 640px\" \/><\/a><figcaption class=\"wp-element-caption\">Am im Bau befindlichen Dreieck Oranienburg<\/figcaption><\/figure>\n\n\n\n<figure class=\"wp-block-image size-large\"><a href=\"https:\/\/markalbrecht.de\/wp-content\/uploads\/2024\/02\/ausbildung_milchwirtschaft.jpg\" target=\"_blank\" rel=\"noopener\"><img loading=\"lazy\" decoding=\"async\" width=\"640\" height=\"427\" data-id=\"1266\" src=\"https:\/\/markalbrecht.de\/wp-content\/uploads\/2024\/02\/ausbildung_milchwirtschaft.jpg\" alt=\"\" class=\"wp-image-1266\" srcset=\"https:\/\/markalbrecht.de\/wp-content\/uploads\/2024\/02\/ausbildung_milchwirtschaft.jpg 640w, https:\/\/markalbrecht.de\/wp-content\/uploads\/2024\/02\/ausbildung_milchwirtschaft-300x200.jpg 300w\" sizes=\"(max-width: 640px) 100vw, 640px\" \/><\/a><figcaption class=\"wp-element-caption\">Bei der Ausbildung von b\u00e4uerlichem Nachwuchs in der Milchwirtschaft<\/figcaption><\/figure>\n\n\n\n<figure class=\"wp-block-image size-large\"><a href=\"https:\/\/markalbrecht.de\/wp-content\/uploads\/2024\/02\/adac_linthe.jpg\" target=\"_blank\" rel=\"noopener\"><img loading=\"lazy\" decoding=\"async\" width=\"640\" height=\"427\" data-id=\"1264\" src=\"https:\/\/markalbrecht.de\/wp-content\/uploads\/2024\/02\/adac_linthe.jpg\" alt=\"\" class=\"wp-image-1264\" srcset=\"https:\/\/markalbrecht.de\/wp-content\/uploads\/2024\/02\/adac_linthe.jpg 640w, https:\/\/markalbrecht.de\/wp-content\/uploads\/2024\/02\/adac_linthe-300x200.jpg 300w\" sizes=\"(max-width: 640px) 100vw, 640px\" \/><\/a><figcaption class=\"wp-element-caption\">Beim ADAC-Fahrsicherheitstraining f\u00fcr junge Anh\u00e4ngerfahrer in Linthe<\/figcaption><\/figure>\n<\/figure>\n","protected":false},"excerpt":{"rendered":"<p>Mark Albrechtfreiberuflicher Fernseh- &amp; Videojournalist Seit 1991 bin ich nun schon f\u00fcr die \u00f6ffentlich-rechtlichen Fernseh-Nachrichten unterwegs: BRANDENBURG AKTUELL &#8211; rbb Aktuell \u2013 ARD-Aktuell Seit 1997 drehe ich als Fernsehautor meine Bilder auch selber \u2013 als Videojournalist (VJ) Aufgewachsen im brandenburgischen Eberswalde (DDR), gelernt zun\u00e4chst Schreibmaschinenmechaniker, dann in der Berliner Charit\u00e9&#8230;<\/p>\n","protected":false},"author":1,"featured_media":0,"parent":0,"menu_order":0,"comment_status":"closed","ping_status":"closed","template":"","meta":{"footnotes":""},"class_list":["post-1184","page","type-page","status-publish","hentry"],"_links":{"self":[{"href":"https:\/\/markalbrecht.de\/index.php?rest_route=\/wp\/v2\/pages\/1184","targetHints":{"allow":["GET"]}}],"collection":[{"href":"https:\/\/markalbrecht.de\/index.php?rest_route=\/wp\/v2\/pages"}],"about":[{"href":"https:\/\/markalbrecht.de\/index.php?rest_route=\/wp\/v2\/types\/page"}],"author":[{"embeddable":true,"href":"https:\/\/markalbrecht.de\/index.php?rest_route=\/wp\/v2\/users\/1"}],"replies":[{"embeddable":true,"href":"https:\/\/markalbrecht.de\/index.php?rest_route=%2Fwp%2Fv2%2Fcomments&post=1184"}],"version-history":[{"count":8,"href":"https:\/\/markalbrecht.de\/index.php?rest_route=\/wp\/v2\/pages\/1184\/revisions"}],"predecessor-version":[{"id":1323,"href":"https:\/\/markalbrecht.de\/index.php?rest_route=\/wp\/v2\/pages\/1184\/revisions\/1323"}],"wp:attachment":[{"href":"https:\/\/markalbrecht.de\/index.php?rest_route=%2Fwp%2Fv2%2Fmedia&parent=1184"}],"curies":[{"name":"wp","href":"https:\/\/api.w.org\/{rel}","templated":true}]}}